{"id":2818,"date":"2023-11-30T21:13:56","date_gmt":"2023-11-30T21:13:56","guid":{"rendered":"https:\/\/erbaria.mx\/?post_type=product&#038;p=2818"},"modified":"2023-12-06T19:48:02","modified_gmt":"2023-12-06T19:48:02","slug":"astringente-facial","status":"publish","type":"product","link":"https:\/\/erbaria.mx\/index.php\/product\/astringente-facial\/","title":{"rendered":"Astringente Facial 65ml"},"content":{"rendered":"","protected":false},"excerpt":{"rendered":"<p>T\u00f3nico libre de alcohol que equilibra la sobreproducci\u00f3n de grasa cut\u00e1nea, nivela el pH y cierra los poros sin descuidar la hidrataci\u00f3n de la piel devolvi\u00e9ndole su luminosidad y balance. Ideal para cutis mixto y graso.<\/p>\n<p><strong>Regula grasa \u00a0 | \u00a0 Matifica \u00a0 | \u00a0 Anti-irrita \u00a0 | \u00a0 Hidrata<\/strong><\/p>\n<p>99.5% de ingredientes naturales de los cuales 93.0% cuenta con certificaci\u00f3n sustentable.<\/p>\n<p>Contiene los beneficios de 64.5 ml de Jugo de S\u00e1bila (99%).<\/p>\n","protected":false},"featured_media":0,"comment_status":"closed","ping_status":"closed","template":"","meta":[],"product_cat":[51],"product_tag":[],"_links":{"self":[{"href":"https:\/\/erbaria.mx\/index.php\/wp-json\/wp\/v2\/product\/2818"}],"collection":[{"href":"https:\/\/erbaria.mx\/index.php\/wp-json\/wp\/v2\/product"}],"about":[{"href":"https:\/\/erbaria.mx\/index.php\/wp-json\/wp\/v2\/types\/product"}],"replies":[{"embeddable":true,"href":"https:\/\/erbaria.mx\/index.php\/wp-json\/wp\/v2\/comments?post=2818"}],"wp:attachment":[{"href":"https:\/\/erbaria.mx\/index.php\/wp-json\/wp\/v2\/media?parent=2818"}],"wp:term":[{"taxonomy":"product_cat","embeddable":true,"href":"https:\/\/erbaria.mx\/index.php\/wp-json\/wp\/v2\/product_cat?post=2818"},{"taxonomy":"product_tag","embeddable":true,"href":"https:\/\/erbaria.mx\/index.php\/wp-json\/wp\/v2\/product_tag?post=2818"}],"curies":[{"name":"wp","href":"https:\/\/api.w.org\/{rel}","templated":true}]}}