{"id":2821,"date":"2023-12-06T19:13:51","date_gmt":"2023-12-06T19:13:51","guid":{"rendered":"https:\/\/erbaria.mx\/?post_type=product&#038;p=2821"},"modified":"2023-12-06T19:36:26","modified_gmt":"2023-12-06T19:36:26","slug":"desmaquillante-facial","status":"publish","type":"product","link":"https:\/\/erbaria.mx\/index.php\/product\/desmaquillante-facial\/","title":{"rendered":"Desmaquillante Facial  155ml"},"content":{"rendered":"","protected":false},"excerpt":{"rendered":"<p>Crema limpiadora de uso diario, que elimina todo tipo de maquillaje y contaminantes del rostro y ojos sin resecar ni dejar residuos grasosos.<span class=\"Apple-converted-space\">\u00a0 <\/span>Formulada con aceites biocompatibles que eliminan el maquillaje mientras nutren y suavizan la piel y potentes anti-irritantes que contrarrestan los efectos de la contaminaci\u00f3n y part\u00edculas que se depositan sobre el rostro. Tu piel estar\u00e1 perfectamente limpia, nutrida y equilibrada. No tapa los poros ni produce acn\u00e9.<span class=\"Apple-converted-space\">\u00a0 <\/span>Ideal para todo tipo de piel. Libre de fragancia.<\/p>\n<p><strong>Elimina maquillaje \u00a0 | \u00a0 Descongestiona poros \u00a0 | \u00a0 Anti-irrita \u00a0 | \u00a0 Nutre<\/strong><\/p>\n<p>99.5% de ingredientes naturales de los cuales 91.5% cuenta con certificaci\u00f3n sustentable.<\/p>\n<p>Contiene los beneficios de 135 ml de Jugo de S\u00e1bila (90%).<\/p>\n","protected":false},"featured_media":0,"comment_status":"closed","ping_status":"closed","template":"","meta":[],"product_cat":[51],"product_tag":[],"_links":{"self":[{"href":"https:\/\/erbaria.mx\/index.php\/wp-json\/wp\/v2\/product\/2821"}],"collection":[{"href":"https:\/\/erbaria.mx\/index.php\/wp-json\/wp\/v2\/product"}],"about":[{"href":"https:\/\/erbaria.mx\/index.php\/wp-json\/wp\/v2\/types\/product"}],"replies":[{"embeddable":true,"href":"https:\/\/erbaria.mx\/index.php\/wp-json\/wp\/v2\/comments?post=2821"}],"wp:attachment":[{"href":"https:\/\/erbaria.mx\/index.php\/wp-json\/wp\/v2\/media?parent=2821"}],"wp:term":[{"taxonomy":"product_cat","embeddable":true,"href":"https:\/\/erbaria.mx\/index.php\/wp-json\/wp\/v2\/product_cat?post=2821"},{"taxonomy":"product_tag","embeddable":true,"href":"https:\/\/erbaria.mx\/index.php\/wp-json\/wp\/v2\/product_tag?post=2821"}],"curies":[{"name":"wp","href":"https:\/\/api.w.org\/{rel}","templated":true}]}}