{"id":2831,"date":"2023-12-06T22:31:52","date_gmt":"2023-12-06T22:31:52","guid":{"rendered":"https:\/\/erbaria.mx\/?post_type=product&#038;p=2831"},"modified":"2023-12-06T23:06:08","modified_gmt":"2023-12-06T23:06:08","slug":"suero-hnr","status":"publish","type":"product","link":"https:\/\/erbaria.mx\/index.php\/product\/suero-hnr\/","title":{"rendered":"Suero HNR (Hidrataci\u00f3n, Nutrici\u00f3n, Reparaci\u00f3n) 30ml"},"content":{"rendered":"","protected":false},"excerpt":{"rendered":"<p>Suero de textura ligera que contrarresta los signos de envejecimiento, devolvi\u00e9ndole la vitalidad y luminosidad a la piel.<span class=\"Apple-converted-space\">\u00a0 <\/span>Formulado con potentes hidratantes que penetran hasta capas profundas de la piel y restauran su capacidad de retener el agua a nivel celular para revoluminizar las l\u00edneas de expresi\u00f3n.<span class=\"Apple-converted-space\">\u00a0<\/span><\/p>\n<p>Ideal para minimizar l\u00edneas de expresi\u00f3n, arrugas y devolver brillo, firmeza y tersura al cutis.<\/p>\n<p><strong>Hidrata | \u00a0 Nutre \u00a0<\/strong><b><strong>| \u00a0 Repara \u00a0| \u00a0 Aten\u00faa l\u00edneas de expresi\u00f3n<\/strong><\/b><\/p>\n<p>97% de ingredientes naturales de los cuales 88.6% cuenta con certificaci\u00f3n sustentable.<\/p>\n<p>Contiene los beneficios de 29.7 ml de Jugo de S\u00e1bila (99%).<\/p>\n","protected":false},"featured_media":0,"comment_status":"closed","ping_status":"closed","template":"","meta":[],"product_cat":[51],"product_tag":[],"_links":{"self":[{"href":"https:\/\/erbaria.mx\/index.php\/wp-json\/wp\/v2\/product\/2831"}],"collection":[{"href":"https:\/\/erbaria.mx\/index.php\/wp-json\/wp\/v2\/product"}],"about":[{"href":"https:\/\/erbaria.mx\/index.php\/wp-json\/wp\/v2\/types\/product"}],"replies":[{"embeddable":true,"href":"https:\/\/erbaria.mx\/index.php\/wp-json\/wp\/v2\/comments?post=2831"}],"wp:attachment":[{"href":"https:\/\/erbaria.mx\/index.php\/wp-json\/wp\/v2\/media?parent=2831"}],"wp:term":[{"taxonomy":"product_cat","embeddable":true,"href":"https:\/\/erbaria.mx\/index.php\/wp-json\/wp\/v2\/product_cat?post=2831"},{"taxonomy":"product_tag","embeddable":true,"href":"https:\/\/erbaria.mx\/index.php\/wp-json\/wp\/v2\/product_tag?post=2831"}],"curies":[{"name":"wp","href":"https:\/\/api.w.org\/{rel}","templated":true}]}}