{"id":2832,"date":"2023-12-06T23:06:50","date_gmt":"2023-12-06T23:06:50","guid":{"rendered":"https:\/\/erbaria.mx\/?post_type=product&#038;p=2832"},"modified":"2023-12-06T23:14:49","modified_gmt":"2023-12-06T23:14:49","slug":"suero-de-pestanas","status":"publish","type":"product","link":"https:\/\/erbaria.mx\/index.php\/product\/suero-de-pestanas\/","title":{"rendered":"Suero de pesta\u00f1as 8ml"},"content":{"rendered":"","protected":false},"excerpt":{"rendered":"<p>Tratamiento de pesta\u00f1as formulado con activos naturales y biotecnol\u00f3gicos con propiedades hidratantes y nutritivas que estimulan el fol\u00edculo capilar desde la ra\u00edz, fortaleciendo las pesta\u00f1as. potenciando as\u00ed su crecimiento. \u00a0Despu\u00e9s de la cuarta semanas de aplicaci\u00f3n percibir\u00e1s que tus pesta\u00f1as son sanas, fuertes, y m\u00e1s nutridas.<\/p>\n<p><strong>Alarga | \u00a0 Fortalece \u00a0<\/strong><b><strong>| \u00a0 Repara \u00a0| \u00a0 Nutre<\/strong><\/b><\/p>\n<p>95.2% de ingredientes naturales de los cuales 90.5% cuenta con certificaci\u00f3n sustentable.<\/p>\n<p>Contiene los beneficios de 7.92 ml de Jugo de S\u00e1bila (99%).<\/p>\n","protected":false},"featured_media":0,"comment_status":"closed","ping_status":"closed","template":"","meta":[],"product_cat":[51],"product_tag":[],"_links":{"self":[{"href":"https:\/\/erbaria.mx\/index.php\/wp-json\/wp\/v2\/product\/2832"}],"collection":[{"href":"https:\/\/erbaria.mx\/index.php\/wp-json\/wp\/v2\/product"}],"about":[{"href":"https:\/\/erbaria.mx\/index.php\/wp-json\/wp\/v2\/types\/product"}],"replies":[{"embeddable":true,"href":"https:\/\/erbaria.mx\/index.php\/wp-json\/wp\/v2\/comments?post=2832"}],"wp:attachment":[{"href":"https:\/\/erbaria.mx\/index.php\/wp-json\/wp\/v2\/media?parent=2832"}],"wp:term":[{"taxonomy":"product_cat","embeddable":true,"href":"https:\/\/erbaria.mx\/index.php\/wp-json\/wp\/v2\/product_cat?post=2832"},{"taxonomy":"product_tag","embeddable":true,"href":"https:\/\/erbaria.mx\/index.php\/wp-json\/wp\/v2\/product_tag?post=2832"}],"curies":[{"name":"wp","href":"https:\/\/api.w.org\/{rel}","templated":true}]}}